{"id":15,"date":"2022-04-27T11:30:53","date_gmt":"2022-04-27T14:30:53","guid":{"rendered":"https:\/\/pluginsds.com\/sites\/index.php\/minha-conta\/"},"modified":"2023-02-21T19:31:03","modified_gmt":"2023-02-21T22:31:03","slug":"minha-conta","status":"publish","type":"page","link":"https:\/\/portfolio.empreendexpert.com.br\/finaestampa\/minha-conta\/","title":{"rendered":"Minha conta"},"content":{"rendered":"\t\t<div data-elementor-type=\"wp-page\" data-elementor-id=\"15\" class=\"elementor elementor-15\" data-elementor-post-type=\"page\">\n\t\t\t\t<div class=\"elementor-element elementor-element-49fb9e7 e-flex e-con-boxed e-con e-parent\" data-id=\"49fb9e7\" data-element_type=\"container\">\n\t\t\t\t\t<div class=\"e-con-inner\">\n\t\t\t\t<div class=\"elementor-element elementor-element-c8e2548 e-my-account-tabs-horizontal elementor-widget elementor-widget-woocommerce-my-account\" data-id=\"c8e2548\" data-element_type=\"widget\" data-widget_type=\"woocommerce-my-account.default\">\n\t\t\t\t<div class=\"elementor-widget-container\">\n\t\t\t\t\t<div class=\"e-my-account-tab e-my-account-tab__ \">\t\t\t<div class=\"woocommerce\"><\/div>\t\t<\/div>\n\t\t\t\t\t\t<\/div>\n\t\t\t\t<\/div>\n\t\t\t\t\t<\/div>\n\t\t\t\t<\/div>\n\t\t\t\t<\/div>\n\t\t","protected":false},"excerpt":{"rendered":"<p>Painel Pedidos Downloads Endere\u00e7o Detalhes da conta Sair Painel Pedidos Downloads Endere\u00e7o Detalhes da conta Sair Ol\u00e1, micaela (n\u00e3o \u00e9 micaela? Sair) A partir do painel de controle de sua conta, voc\u00ea pode ver suas compras recentes, gerenciar seus endere\u00e7os de entrega e faturamento, e editar sua senha e detalhes da conta.<\/p>\n","protected":false},"author":338,"featured_media":0,"parent":0,"menu_order":0,"comment_status":"closed","ping_status":"closed","template":"","meta":{"footnotes":""},"folder":[],"class_list":["post-15","page","type-page","status-publish","hentry"],"_links":{"self":[{"href":"https:\/\/portfolio.empreendexpert.com.br\/finaestampa\/wp-json\/wp\/v2\/pages\/15","targetHints":{"allow":["GET"]}}],"collection":[{"href":"https:\/\/portfolio.empreendexpert.com.br\/finaestampa\/wp-json\/wp\/v2\/pages"}],"about":[{"href":"https:\/\/portfolio.empreendexpert.com.br\/finaestampa\/wp-json\/wp\/v2\/types\/page"}],"author":[{"embeddable":true,"href":"https:\/\/portfolio.empreendexpert.com.br\/finaestampa\/wp-json\/wp\/v2\/users\/338"}],"replies":[{"embeddable":true,"href":"https:\/\/portfolio.empreendexpert.com.br\/finaestampa\/wp-json\/wp\/v2\/comments?post=15"}],"version-history":[{"count":0,"href":"https:\/\/portfolio.empreendexpert.com.br\/finaestampa\/wp-json\/wp\/v2\/pages\/15\/revisions"}],"wp:attachment":[{"href":"https:\/\/portfolio.empreendexpert.com.br\/finaestampa\/wp-json\/wp\/v2\/media?parent=15"}],"wp:term":[{"taxonomy":"folder","embeddable":true,"href":"https:\/\/portfolio.empreendexpert.com.br\/finaestampa\/wp-json\/wp\/v2\/folder?post=15"}],"curies":[{"name":"wp","href":"https:\/\/api.w.org\/{rel}","templated":true}]}}