{"id":177,"date":"2024-02-24T18:44:21","date_gmt":"2024-02-24T21:44:21","guid":{"rendered":"https:\/\/pluginsds.com\/sites\/?post_type=product&#038;p=177"},"modified":"2024-02-29T09:57:58","modified_gmt":"2024-02-29T12:57:58","slug":"vestido-longo-animal-print","status":"publish","type":"product","link":"https:\/\/portfolio.empreendexpert.com.br\/helenafashion\/produto\/vestido-longo-animal-print\/","title":{"rendered":"Vestido longo animal print"},"content":{"rendered":"<h2 data-sourcepos=\"1:1-1:31\">Vestido Longo Estampado On\u00e7a<\/h2>\n<p data-sourcepos=\"3:1-3:13\"><strong>Detalhes:<\/strong><\/p>\n<ul data-sourcepos=\"5:1-13:0\">\n<li data-sourcepos=\"5:1-5:35\">Estampa de on\u00e7a em preto e marrom<\/li>\n<li data-sourcepos=\"6:1-6:22\">Tecido leve e fluido<\/li>\n<li data-sourcepos=\"7:1-7:31\">Modelagem solta e confort\u00e1vel<\/li>\n<li data-sourcepos=\"8:1-8:10\">Decote V<\/li>\n<li data-sourcepos=\"9:1-9:24\">Al\u00e7as finas regul\u00e1veis<\/li>\n<li data-sourcepos=\"10:1-10:22\">Cintura com el\u00e1stico<\/li>\n<li data-sourcepos=\"11:1-11:19\">Comprimento longo<\/li>\n<li data-sourcepos=\"12:1-13:0\">Fenda lateral<\/li>\n<\/ul>\n<p data-sourcepos=\"22:1-22:15\"><strong>Composi\u00e7\u00e3o:<\/strong><\/p>\n<ul data-sourcepos=\"24:1-25:0\">\n<li data-sourcepos=\"24:1-25:0\">100% Viscose<\/li>\n<\/ul>\n<p data-sourcepos=\"26:1-26:13\"><strong>Tamanhos:<\/strong><\/p>\n<ul data-sourcepos=\"28:1-29:0\">\n<li data-sourcepos=\"28:1-29:0\">P, M, G e GG<\/li>\n<\/ul>\n<p data-sourcepos=\"30:1-30:9\"><strong>Dica:<\/strong><\/p>\n<ul data-sourcepos=\"32:1-33:0\">\n<li data-sourcepos=\"32:1-33:0\">Combine com acess\u00f3rios dourados ou prateados para um look mais elegante.<\/li>\n<\/ul>\n<p data-sourcepos=\"34:1-34:115\"><strong>O Vestido Longo Estampado On\u00e7a \u00e9 a escolha perfeita para mulheres que desejam se sentir confiantes e poderosas.<\/strong><\/p>\n","protected":false},"excerpt":{"rendered":"<p>Vestido Longo Estampado On\u00e7a Detalhes: Estampa de on\u00e7a em preto e marrom Tecido leve e fluido Modelagem solta e confort\u00e1vel Decote V Al\u00e7as finas regul\u00e1veis Cintura com el\u00e1stico Comprimento longo Fenda lateral Composi\u00e7\u00e3o: 100% Viscose Tamanhos: P, M, G e GG Dica: Combine com acess\u00f3rios dourados ou prateados para um look mais elegante. O Vestido [&hellip;]<\/p>\n","protected":false},"featured_media":211,"comment_status":"open","ping_status":"closed","template":"","meta":[],"product_brand":[],"product_cat":[78,60,16,76],"product_tag":[66],"class_list":{"0":"post-177","1":"product","2":"type-product","3":"status-publish","4":"has-post-thumbnail","6":"product_cat-destaque","7":"product_cat-vestido","8":"product_cat-vestidos","9":"product_cat-vestidos-longos","10":"product_tag-vestido-longo-animal-print","11":"product_shipping_class-entrega-padrao","13":"first","14":"instock","15":"sale","16":"shipping-taxable","17":"purchasable","18":"product-type-variable"},"_links":{"self":[{"href":"https:\/\/portfolio.empreendexpert.com.br\/helenafashion\/wp-json\/wp\/v2\/product\/177","targetHints":{"allow":["GET"]}}],"collection":[{"href":"https:\/\/portfolio.empreendexpert.com.br\/helenafashion\/wp-json\/wp\/v2\/product"}],"about":[{"href":"https:\/\/portfolio.empreendexpert.com.br\/helenafashion\/wp-json\/wp\/v2\/types\/product"}],"replies":[{"embeddable":true,"href":"https:\/\/portfolio.empreendexpert.com.br\/helenafashion\/wp-json\/wp\/v2\/comments?post=177"}],"wp:featuredmedia":[{"embeddable":true,"href":"https:\/\/portfolio.empreendexpert.com.br\/helenafashion\/wp-json\/wp\/v2\/media\/211"}],"wp:attachment":[{"href":"https:\/\/portfolio.empreendexpert.com.br\/helenafashion\/wp-json\/wp\/v2\/media?parent=177"}],"wp:term":[{"taxonomy":"product_brand","embeddable":true,"href":"https:\/\/portfolio.empreendexpert.com.br\/helenafashion\/wp-json\/wp\/v2\/product_brand?post=177"},{"taxonomy":"product_cat","embeddable":true,"href":"https:\/\/portfolio.empreendexpert.com.br\/helenafashion\/wp-json\/wp\/v2\/product_cat?post=177"},{"taxonomy":"product_tag","embeddable":true,"href":"https:\/\/portfolio.empreendexpert.com.br\/helenafashion\/wp-json\/wp\/v2\/product_tag?post=177"}],"curies":[{"name":"wp","href":"https:\/\/api.w.org\/{rel}","templated":true}]}}